{"id":2383,"date":"2014-01-14T13:25:25","date_gmt":"2014-01-14T13:25:25","guid":{"rendered":"http:\/\/www.m-bit.ch\/?page_id=2383"},"modified":"2014-10-22T11:43:25","modified_gmt":"2014-10-22T09:43:25","slug":"partner","status":"publish","type":"page","link":"https:\/\/www.netpoint.ch\/?page_id=2383","title":{"rendered":"Partner"},"content":{"rendered":"<p><img decoding=\"async\" title=\"\" src=\"http:\/\/www.netpoint.ch\/index_htm_files\/53.png\" alt=\"\" \/><\/p>\n<p>Institut IPM-FHS, St.Gallen<br \/>\nHochschule f\u00fcr Angewandte Wissenschaften<br \/>\nInstitut f\u00fcr Informations- und Prozessmanagement IPM-FHS. Das Institut wurde im Oktober 2005 gegr\u00fcndet. Es geh\u00f6rt zum Fachbereich Wirtschaft der FHS St.Gallen, Hochschule f\u00fcr Angewandte Wissenschaften.<\/p>\n<p>&nbsp;<\/p>\n<p><img decoding=\"async\" title=\"\" src=\"http:\/\/www.netpoint.ch\/index_htm_files\/55.png\" alt=\"\" \/><\/p>\n<p>Ambit AG, Winterthur<br \/>\nCustomer Relationship Management<br \/>\nAmbit AG ist auf das Management von erfolgreichen Kundenbeziehungen spezialisiert. Unsere individuelle Bed\u00fcrfnisanalyse bildet die Grundlage f\u00fcr die anschliessende Evaluation und Implementierung Ihres k\u00fcnftigen Kundenmanagements. Verbessern Sie Ihre Verkaufsperformance, machen Sie Marketingaktionen kontrollierbar und gestalten Sie Serviceprozesse effizienter<\/p>\n","protected":false},"excerpt":{"rendered":"<p>Institut IPM-FHS, St.Gallen Hochschule f\u00fcr Angewandte Wissenschaften Institut f\u00fcr Informations- und Prozessmanagement IPM-FHS. Das Institut wurde im Oktober 2005 gegr\u00fcndet. Es geh\u00f6rt zum Fachbereich Wirtschaft der FHS St.Gallen, Hochschule f\u00fcr Angewandte Wissenschaften. &nbsp; Ambit AG, Winterthur Customer Relationship Management Ambit AG ist auf das Management von erfolgreichen Kundenbeziehungen spezialisiert. Unsere individuelle Bed\u00fcrfnisanalyse bildet die Grundlage [&hellip;]<\/p>\n","protected":false},"author":2,"featured_media":0,"parent":0,"menu_order":4,"comment_status":"open","ping_status":"closed","template":"","meta":[],"_links":{"self":[{"href":"https:\/\/www.netpoint.ch\/index.php?rest_route=\/wp\/v2\/pages\/2383"}],"collection":[{"href":"https:\/\/www.netpoint.ch\/index.php?rest_route=\/wp\/v2\/pages"}],"about":[{"href":"https:\/\/www.netpoint.ch\/index.php?rest_route=\/wp\/v2\/types\/page"}],"author":[{"embeddable":true,"href":"https:\/\/www.netpoint.ch\/index.php?rest_route=\/wp\/v2\/users\/2"}],"replies":[{"embeddable":true,"href":"https:\/\/www.netpoint.ch\/index.php?rest_route=%2Fwp%2Fv2%2Fcomments&post=2383"}],"version-history":[{"count":6,"href":"https:\/\/www.netpoint.ch\/index.php?rest_route=\/wp\/v2\/pages\/2383\/revisions"}],"predecessor-version":[{"id":2585,"href":"https:\/\/www.netpoint.ch\/index.php?rest_route=\/wp\/v2\/pages\/2383\/revisions\/2585"}],"wp:attachment":[{"href":"https:\/\/www.netpoint.ch\/index.php?rest_route=%2Fwp%2Fv2%2Fmedia&parent=2383"}],"curies":[{"name":"wp","href":"https:\/\/api.w.org\/{rel}","templated":true}]}}